{"id":39,"date":"2025-11-02T05:32:39","date_gmt":"2025-11-02T05:32:39","guid":{"rendered":"https:\/\/delavegahotelcampestre.com\/?page_id=39"},"modified":"2025-11-04T02:05:43","modified_gmt":"2025-11-04T02:05:43","slug":"restaurante","status":"publish","type":"page","link":"https:\/\/delavegahotelcampestre.com\/en\/restaurante\/","title":{"rendered":"Restaurante"},"content":{"rendered":"<div data-elementor-type=\"wp-page\" data-elementor-id=\"39\" class=\"elementor elementor-39\" data-elementor-post-type=\"page\">\n\t\t\t\t<div class=\"elementor-element elementor-element-7d2ac5c e-flex e-con-boxed e-con e-parent\" data-id=\"7d2ac5c\" data-element_type=\"container\" data-settings=\"{&quot;background_background&quot;:&quot;classic&quot;}\">\n\t\t\t\t\t<div class=\"e-con-inner\">\n\t\t\t\t<div class=\"elementor-element elementor-element-a149288 elementor-widget elementor-widget-heading\" data-id=\"a149288\" data-element_type=\"widget\" data-widget_type=\"heading.default\">\n\t\t\t\t\t<h2 class=\"elementor-heading-title elementor-size-default\">Gastronom\u00eda t\u00edpica con encanto Colombiano \ud83c\udf3f<\/h2>\t\t\t\t<\/div>\n\t\t<div class=\"elementor-element elementor-element-ecd3fe7 e-con-full e-flex e-con e-child\" data-id=\"ecd3fe7\" data-element_type=\"container\" data-settings=\"{&quot;background_background&quot;:&quot;classic&quot;}\">\n\t\t\t\t<div class=\"elementor-element elementor-element-93a05cf elementor-widget elementor-widget-heading\" data-id=\"93a05cf\" data-element_type=\"widget\" data-widget_type=\"heading.default\">\n\t\t\t\t\t<h2 class=\"elementor-heading-title elementor-size-default\">Men\u00fa De La Vega Campestre<\/h2>\t\t\t\t<\/div>\n\t\t\t\t<div class=\"elementor-element elementor-element-ae5d062 elementor-widget elementor-widget-text-editor\" data-id=\"ae5d062\" data-element_type=\"widget\" data-widget_type=\"text-editor.default\">\n\t\t\t\t\t\t\t\t\t<p>Todos los d\u00edas de 6:00am a 11:00 pm<\/p>\t\t\t\t\t\t\t\t<\/div>\n\t\t\t\t<div class=\"elementor-element elementor-element-b394b9b elementor-widget-divider--view-line elementor-widget elementor-widget-divider\" data-id=\"b394b9b\" data-element_type=\"widget\" data-widget_type=\"divider.default\">\n\t\t\t\t\t\t\t<div class=\"elementor-divider\">\n\t\t\t<span class=\"elementor-divider-separator\">\n\t\t\t\t\t\t<\/span>\n\t\t<\/div>\n\t\t\t\t\t\t<\/div>\n\t\t\t\t<div class=\"elementor-element elementor-element-7f7de96 elementor-widget elementor-widget-text-editor\" data-id=\"7f7de96\" data-element_type=\"widget\" data-widget_type=\"text-editor.default\">\n\t\t\t\t\t\t\t\t\t<p>Platos principales<\/p>\t\t\t\t\t\t\t\t<\/div>\n\t\t\t\t<div class=\"elementor-element elementor-element-3ce5da5 elementor-widget elementor-widget-text-editor\" data-id=\"3ce5da5\" data-element_type=\"widget\" data-widget_type=\"text-editor.default\">\n\t\t\t\t\t\t\t\t\t<p>Una amplia selecci\u00f3n de frescos y sabrosos platos elaborados con productos locales<\/p>\t\t\t\t\t\t\t\t<\/div>\n\t\t\t\t<div class=\"elementor-element elementor-element-435c0fb elementor-widget-divider--view-line elementor-widget elementor-widget-divider\" data-id=\"435c0fb\" data-element_type=\"widget\" data-widget_type=\"divider.default\">\n\t\t\t\t\t\t\t<div class=\"elementor-divider\">\n\t\t\t<span class=\"elementor-divider-separator\">\n\t\t\t\t\t\t<\/span>\n\t\t<\/div>\n\t\t\t\t\t\t<\/div>\n\t\t<div class=\"elementor-element elementor-element-1a941e8 e-con-full e-flex e-con e-child\" data-id=\"1a941e8\" data-element_type=\"container\">\n\t\t<div class=\"elementor-element elementor-element-671cab1 e-con-full e-flex e-con e-child\" data-id=\"671cab1\" data-element_type=\"container\">\n\t\t\t\t<div class=\"elementor-element elementor-element-b6d61fe elementor-widget elementor-widget-image\" data-id=\"b6d61fe\" data-element_type=\"widget\" data-widget_type=\"image.default\">\n\t\t\t\t\t\t\t\t\t\t\t\t\t\t\t<img fetchpriority=\"high\" decoding=\"async\" width=\"800\" height=\"800\" src=\"https:\/\/delavegahotelcampestre.com\/wp-content\/uploads\/2025\/11\/almuerzo-2.avif\" class=\"attachment-large size-large wp-image-203\" alt=\"\" srcset=\"https:\/\/delavegahotelcampestre.com\/wp-content\/uploads\/2025\/11\/almuerzo-2.avif 920w, https:\/\/delavegahotelcampestre.com\/wp-content\/uploads\/2025\/11\/almuerzo-2-300x300.avif 300w, https:\/\/delavegahotelcampestre.com\/wp-content\/uploads\/2025\/11\/almuerzo-2-150x150.avif 150w, https:\/\/delavegahotelcampestre.com\/wp-content\/uploads\/2025\/11\/almuerzo-2-768x768.avif 768w, https:\/\/delavegahotelcampestre.com\/wp-content\/uploads\/2025\/11\/almuerzo-2-12x12.avif 12w, https:\/\/delavegahotelcampestre.com\/wp-content\/uploads\/2025\/11\/almuerzo-2-700x700.avif 700w, https:\/\/delavegahotelcampestre.com\/wp-content\/uploads\/2025\/11\/almuerzo-2-600x600.avif 600w, https:\/\/delavegahotelcampestre.com\/wp-content\/uploads\/2025\/11\/almuerzo-2-100x100.avif 100w\" sizes=\"(max-width: 800px) 100vw, 800px\" \/>\t\t\t\t\t\t\t\t\t\t\t\t\t\t\t<\/div>\n\t\t\t\t<div class=\"elementor-element elementor-element-cadd2e4 elementor-widget elementor-widget-heading\" data-id=\"cadd2e4\" data-element_type=\"widget\" data-widget_type=\"heading.default\">\n\t\t\t\t\t<h2 class=\"elementor-heading-title elementor-size-default\">Medallones de Cerdo<\/h2>\t\t\t\t<\/div>\n\t\t\t\t<div class=\"elementor-element elementor-element-63ede5c elementor-widget elementor-widget-text-editor\" data-id=\"63ede5c\" data-element_type=\"widget\" data-widget_type=\"text-editor.default\">\n\t\t\t\t\t\t\t\t\t<p>Los medallones de cerdo son una muestra de la cocina colombiana que combina tradici\u00f3n y modernidad. Preparados con cortes tiernos y jugosos, sellados a la perfecci\u00f3n y ba\u00f1ados en salsas que realzan su sabor, se sirven acompa\u00f1ados de guarniciones t\u00edpicas como arroz, papas y ensaladas frescas. Este plato refleja la generosidad de la mesa colombiana: abundante, c\u00e1lida y hecha para compartir. Una experiencia que une el sabor aut\u00e9ntico con el confort de lo campestre<\/p>\t\t\t\t\t\t\t\t<\/div>\n\t\t\t\t<div class=\"elementor-element elementor-element-53de2e5 elementor-icon-list--layout-traditional elementor-list-item-link-full_width elementor-widget elementor-widget-icon-list\" data-id=\"53de2e5\" data-element_type=\"widget\" data-widget_type=\"icon-list.default\">\n\t\t\t\t\t\t\t<ul class=\"elementor-icon-list-items\">\n\t\t\t\t\t\t\t<li class=\"elementor-icon-list-item\">\n\t\t\t\t\t\t\t\t\t\t\t<span class=\"elementor-icon-list-icon\">\n\t\t\t\t\t\t\t<svg aria-hidden=\"true\" class=\"e-font-icon-svg e-fas-piggy-bank\" viewbox=\"0 0 576 512\" xmlns=\"http:\/\/www.w3.org\/2000\/svg\"><path d=\"M560 224h-29.5c-8.8-20-21.6-37.7-37.4-52.5L512 96h-32c-29.4 0-55.4 13.5-73 34.3-7.6-1.1-15.1-2.3-23-2.3H256c-77.4 0-141.9 55-156.8 128H56c-14.8 0-26.5-13.5-23.5-28.8C34.7 215.8 45.4 208 57 208h1c3.3 0 6-2.7 6-6v-20c0-3.3-2.7-6-6-6-28.5 0-53.9 20.4-57.5 48.6C-3.9 258.8 22.7 288 56 288h40c0 52.2 25.4 98.1 64 127.3V496c0 8.8 7.2 16 16 16h64c8.8 0 16-7.2 16-16v-48h128v48c0 8.8 7.2 16 16 16h64c8.8 0 16-7.2 16-16v-80.7c11.8-8.9 22.3-19.4 31.3-31.3H560c8.8 0 16-7.2 16-16V240c0-8.8-7.2-16-16-16zm-128 64c-8.8 0-16-7.2-16-16s7.2-16 16-16 16 7.2 16 16-7.2 16-16 16zM256 96h128c5.4 0 10.7.4 15.9.8 0-.3.1-.5.1-.8 0-53-43-96-96-96s-96 43-96 96c0 2.1.5 4.1.6 6.2 15.2-3.9 31-6.2 47.4-6.2z\"><\/path><\/svg>\t\t\t\t\t\t<\/span>\n\t\t\t\t\t\t\t\t\t\t<span class=\"elementor-icon-list-text\">Cerdo<\/span>\n\t\t\t\t\t\t\t\t\t<\/li>\n\t\t\t\t\t\t<\/ul>\n\t\t\t\t\t\t<\/div>\n\t\t\t\t<div class=\"elementor-element elementor-element-87fc9a5 elementor-widget elementor-widget-text-editor\" data-id=\"87fc9a5\" data-element_type=\"widget\" data-widget_type=\"text-editor.default\">\n\t\t\t\t\t\t\t\t\t<p>$ 40.000<\/p>\t\t\t\t\t\t\t\t<\/div>\n\t\t\t\t<\/div>\n\t\t<div class=\"elementor-element elementor-element-d66681c e-con-full e-flex e-con e-child\" data-id=\"d66681c\" data-element_type=\"container\">\n\t\t\t\t<div class=\"elementor-element elementor-element-aca39e1 elementor-widget elementor-widget-image\" data-id=\"aca39e1\" data-element_type=\"widget\" data-widget_type=\"image.default\">\n\t\t\t\t\t\t\t\t\t\t\t\t\t\t\t<img decoding=\"async\" width=\"800\" height=\"800\" src=\"https:\/\/delavegahotelcampestre.com\/wp-content\/uploads\/2025\/11\/almuerzo-1.avif\" class=\"attachment-large size-large wp-image-202\" alt=\"\" srcset=\"https:\/\/delavegahotelcampestre.com\/wp-content\/uploads\/2025\/11\/almuerzo-1.avif 920w, https:\/\/delavegahotelcampestre.com\/wp-content\/uploads\/2025\/11\/almuerzo-1-300x300.avif 300w, https:\/\/delavegahotelcampestre.com\/wp-content\/uploads\/2025\/11\/almuerzo-1-150x150.avif 150w, https:\/\/delavegahotelcampestre.com\/wp-content\/uploads\/2025\/11\/almuerzo-1-768x768.avif 768w, https:\/\/delavegahotelcampestre.com\/wp-content\/uploads\/2025\/11\/almuerzo-1-12x12.avif 12w, https:\/\/delavegahotelcampestre.com\/wp-content\/uploads\/2025\/11\/almuerzo-1-700x700.avif 700w, https:\/\/delavegahotelcampestre.com\/wp-content\/uploads\/2025\/11\/almuerzo-1-600x600.avif 600w, https:\/\/delavegahotelcampestre.com\/wp-content\/uploads\/2025\/11\/almuerzo-1-100x100.avif 100w\" sizes=\"(max-width: 800px) 100vw, 800px\" \/>\t\t\t\t\t\t\t\t\t\t\t\t\t\t\t<\/div>\n\t\t\t\t<div class=\"elementor-element elementor-element-fbee290 elementor-widget elementor-widget-heading\" data-id=\"fbee290\" data-element_type=\"widget\" data-widget_type=\"heading.default\">\n\t\t\t\t\t<h2 class=\"elementor-heading-title elementor-size-default\">Bandeja Paisa<\/h2>\t\t\t\t<\/div>\n\t\t\t\t<div class=\"elementor-element elementor-element-ef1f157 elementor-widget elementor-widget-text-editor\" data-id=\"ef1f157\" data-element_type=\"widget\" data-widget_type=\"text-editor.default\">\n\t\t\t\t\t\t\t\t\t<p>La bandeja paisa es mucho m\u00e1s que un plato: es un emblema de la gastronom\u00eda colombiana y un reflejo de la abundancia de la regi\u00f3n. Servida con fr\u00edjoles, arroz, chicharr\u00f3n crocante, carne molida, huevo frito, pl\u00e1tano maduro, arepa, aguacate y chorizo, es una explosi\u00f3n de sabores que representan la tradici\u00f3n antioque\u00f1a y el esp\u00edritu generoso de nuestra tierra. En cada bocado se saborea la calidez de Colombia y el orgullo de su cultura.<\/p>\t\t\t\t\t\t\t\t<\/div>\n\t\t\t\t<div class=\"elementor-element elementor-element-5ff6eed elementor-icon-list--layout-traditional elementor-list-item-link-full_width elementor-widget elementor-widget-icon-list\" data-id=\"5ff6eed\" data-element_type=\"widget\" data-widget_type=\"icon-list.default\">\n\t\t\t\t\t\t\t<ul class=\"elementor-icon-list-items\">\n\t\t\t\t\t\t\t<li class=\"elementor-icon-list-item\">\n\t\t\t\t\t\t\t\t\t\t\t<span class=\"elementor-icon-list-icon\">\n\t\t\t\t\t\t\t<svg aria-hidden=\"true\" class=\"e-font-icon-svg e-fas-egg\" viewbox=\"0 0 384 512\" xmlns=\"http:\/\/www.w3.org\/2000\/svg\"><path d=\"M192 0C86 0 0 214 0 320s86 192 192 192 192-86 192-192S298 0 192 0z\"><\/path><\/svg>\t\t\t\t\t\t<\/span>\n\t\t\t\t\t\t\t\t\t\t<span class=\"elementor-icon-list-text\">Huevos<\/span>\n\t\t\t\t\t\t\t\t\t<\/li>\n\t\t\t\t\t\t<\/ul>\n\t\t\t\t\t\t<\/div>\n\t\t\t\t<div class=\"elementor-element elementor-element-da89bd8 elementor-widget elementor-widget-text-editor\" data-id=\"da89bd8\" data-element_type=\"widget\" data-widget_type=\"text-editor.default\">\n\t\t\t\t\t\t\t\t\t<p>$ 40.000<\/p>\t\t\t\t\t\t\t\t<\/div>\n\t\t\t\t<\/div>\n\t\t\t\t<\/div>\n\t\t<div class=\"elementor-element elementor-element-fcd9451 e-con-full e-flex e-con e-child\" data-id=\"fcd9451\" data-element_type=\"container\">\n\t\t<div class=\"elementor-element elementor-element-10b747c e-con-full e-flex e-con e-child\" data-id=\"10b747c\" data-element_type=\"container\">\n\t\t\t\t<div class=\"elementor-element elementor-element-b67f36b elementor-widget elementor-widget-image\" data-id=\"b67f36b\" data-element_type=\"widget\" data-widget_type=\"image.default\">\n\t\t\t\t\t\t\t\t\t\t\t\t\t\t\t<img decoding=\"async\" width=\"800\" height=\"800\" src=\"https:\/\/delavegahotelcampestre.com\/wp-content\/uploads\/2025\/11\/almuerzo-4.avif\" class=\"attachment-large size-large wp-image-200\" alt=\"\" srcset=\"https:\/\/delavegahotelcampestre.com\/wp-content\/uploads\/2025\/11\/almuerzo-4.avif 920w, https:\/\/delavegahotelcampestre.com\/wp-content\/uploads\/2025\/11\/almuerzo-4-300x300.avif 300w, https:\/\/delavegahotelcampestre.com\/wp-content\/uploads\/2025\/11\/almuerzo-4-150x150.avif 150w, https:\/\/delavegahotelcampestre.com\/wp-content\/uploads\/2025\/11\/almuerzo-4-768x768.avif 768w, https:\/\/delavegahotelcampestre.com\/wp-content\/uploads\/2025\/11\/almuerzo-4-12x12.avif 12w, https:\/\/delavegahotelcampestre.com\/wp-content\/uploads\/2025\/11\/almuerzo-4-700x700.avif 700w, https:\/\/delavegahotelcampestre.com\/wp-content\/uploads\/2025\/11\/almuerzo-4-600x600.avif 600w, https:\/\/delavegahotelcampestre.com\/wp-content\/uploads\/2025\/11\/almuerzo-4-100x100.avif 100w\" sizes=\"(max-width: 800px) 100vw, 800px\" \/>\t\t\t\t\t\t\t\t\t\t\t\t\t\t\t<\/div>\n\t\t\t\t<div class=\"elementor-element elementor-element-4130b5c elementor-widget elementor-widget-heading\" data-id=\"4130b5c\" data-element_type=\"widget\" data-widget_type=\"heading.default\">\n\t\t\t\t\t<h2 class=\"elementor-heading-title elementor-size-default\">Picada para 2<\/h2>\t\t\t\t<\/div>\n\t\t\t\t<div class=\"elementor-element elementor-element-918c48c elementor-widget elementor-widget-text-editor\" data-id=\"918c48c\" data-element_type=\"widget\" data-widget_type=\"text-editor.default\">\n\t\t\t\t\t\t\t\t\t<p>La picada para dos es la forma m\u00e1s deliciosa de compartir los sabores t\u00edpicos de Colombia en una sola bandeja. Una combinaci\u00f3n irresistible de carne de res, cerdo, pollo, chorizo y chicharr\u00f3n, acompa\u00f1ados de papa criolla, papas a la francesa, patac\u00f3n, pl\u00e1tano maduro, tomate, arepa y lim\u00f3n. Un fest\u00edn abundante que refleja la tradici\u00f3n de reunirse alrededor de la comida para disfrutar, conversar y celebrar. Hecha para compartir, perfecta para disfrutar en pareja o con amigos<\/p>\t\t\t\t\t\t\t\t<\/div>\n\t\t\t\t<div class=\"elementor-element elementor-element-10f3a58 elementor-icon-list--layout-traditional elementor-list-item-link-full_width elementor-widget elementor-widget-icon-list\" data-id=\"10f3a58\" data-element_type=\"widget\" data-widget_type=\"icon-list.default\">\n\t\t\t\t\t\t\t<ul class=\"elementor-icon-list-items\">\n\t\t\t\t\t\t\t<li class=\"elementor-icon-list-item\">\n\t\t\t\t\t\t\t\t\t\t\t<span class=\"elementor-icon-list-icon\">\n\t\t\t\t\t\t\t<svg aria-hidden=\"true\" class=\"e-font-icon-svg e-fas-piggy-bank\" viewbox=\"0 0 576 512\" xmlns=\"http:\/\/www.w3.org\/2000\/svg\"><path d=\"M560 224h-29.5c-8.8-20-21.6-37.7-37.4-52.5L512 96h-32c-29.4 0-55.4 13.5-73 34.3-7.6-1.1-15.1-2.3-23-2.3H256c-77.4 0-141.9 55-156.8 128H56c-14.8 0-26.5-13.5-23.5-28.8C34.7 215.8 45.4 208 57 208h1c3.3 0 6-2.7 6-6v-20c0-3.3-2.7-6-6-6-28.5 0-53.9 20.4-57.5 48.6C-3.9 258.8 22.7 288 56 288h40c0 52.2 25.4 98.1 64 127.3V496c0 8.8 7.2 16 16 16h64c8.8 0 16-7.2 16-16v-48h128v48c0 8.8 7.2 16 16 16h64c8.8 0 16-7.2 16-16v-80.7c11.8-8.9 22.3-19.4 31.3-31.3H560c8.8 0 16-7.2 16-16V240c0-8.8-7.2-16-16-16zm-128 64c-8.8 0-16-7.2-16-16s7.2-16 16-16 16 7.2 16 16-7.2 16-16 16zM256 96h128c5.4 0 10.7.4 15.9.8 0-.3.1-.5.1-.8 0-53-43-96-96-96s-96 43-96 96c0 2.1.5 4.1.6 6.2 15.2-3.9 31-6.2 47.4-6.2z\"><\/path><\/svg>\t\t\t\t\t\t<\/span>\n\t\t\t\t\t\t\t\t\t\t<span class=\"elementor-icon-list-text\">Cerdo<\/span>\n\t\t\t\t\t\t\t\t\t<\/li>\n\t\t\t\t\t\t<\/ul>\n\t\t\t\t\t\t<\/div>\n\t\t\t\t<div class=\"elementor-element elementor-element-80ff240 elementor-widget elementor-widget-text-editor\" data-id=\"80ff240\" data-element_type=\"widget\" data-widget_type=\"text-editor.default\">\n\t\t\t\t\t\t\t\t\t<p>$ 40.000<\/p>\t\t\t\t\t\t\t\t<\/div>\n\t\t\t\t<\/div>\n\t\t<div class=\"elementor-element elementor-element-3cca3d5 e-con-full e-flex e-con e-child\" data-id=\"3cca3d5\" data-element_type=\"container\">\n\t\t\t\t<div class=\"elementor-element elementor-element-a944ee2 elementor-widget elementor-widget-image\" data-id=\"a944ee2\" data-element_type=\"widget\" data-widget_type=\"image.default\">\n\t\t\t\t\t\t\t\t\t\t\t\t\t\t\t<img loading=\"lazy\" decoding=\"async\" width=\"800\" height=\"800\" src=\"https:\/\/delavegahotelcampestre.com\/wp-content\/uploads\/2025\/11\/almuerzo-3.avif\" class=\"attachment-large size-large wp-image-199\" alt=\"\" srcset=\"https:\/\/delavegahotelcampestre.com\/wp-content\/uploads\/2025\/11\/almuerzo-3.avif 920w, https:\/\/delavegahotelcampestre.com\/wp-content\/uploads\/2025\/11\/almuerzo-3-300x300.avif 300w, https:\/\/delavegahotelcampestre.com\/wp-content\/uploads\/2025\/11\/almuerzo-3-150x150.avif 150w, https:\/\/delavegahotelcampestre.com\/wp-content\/uploads\/2025\/11\/almuerzo-3-768x768.avif 768w, https:\/\/delavegahotelcampestre.com\/wp-content\/uploads\/2025\/11\/almuerzo-3-12x12.avif 12w, https:\/\/delavegahotelcampestre.com\/wp-content\/uploads\/2025\/11\/almuerzo-3-700x700.avif 700w, https:\/\/delavegahotelcampestre.com\/wp-content\/uploads\/2025\/11\/almuerzo-3-600x600.avif 600w, https:\/\/delavegahotelcampestre.com\/wp-content\/uploads\/2025\/11\/almuerzo-3-100x100.avif 100w\" sizes=\"(max-width: 800px) 100vw, 800px\" \/>\t\t\t\t\t\t\t\t\t\t\t\t\t\t\t<\/div>\n\t\t\t\t<div class=\"elementor-element elementor-element-baab7e5 elementor-widget elementor-widget-heading\" data-id=\"baab7e5\" data-element_type=\"widget\" data-widget_type=\"heading.default\">\n\t\t\t\t\t<h2 class=\"elementor-heading-title elementor-size-default\">Chuleta de Cerdo Valluna<\/h2>\t\t\t\t<\/div>\n\t\t\t\t<div class=\"elementor-element elementor-element-cbddd3b elementor-widget elementor-widget-text-editor\" data-id=\"cbddd3b\" data-element_type=\"widget\" data-widget_type=\"text-editor.default\">\n\t\t\t\t\t\t\t\t\t<p>La chuleta valluna es un cl\u00e1sico de la cocina del Valle del Cauca y uno de los platos m\u00e1s queridos de Colombia. Preparada con una jugosa pieza de cerdo empanizada y frita hasta lograr un dorado perfecto, se acompa\u00f1a tradicionalmente con arroz blanco, papa frita o en pur\u00e9, ensalada fresca y a veces tajadas de pl\u00e1tano maduro. Su crocancia y sabor la convierten en un verdadero s\u00edmbolo de la gastronom\u00eda valluna, reflejando la alegr\u00eda, el sabor y la abundancia del suroccidente colombiano.<\/p>\t\t\t\t\t\t\t\t<\/div>\n\t\t\t\t<div class=\"elementor-element elementor-element-e5235b2 elementor-icon-list--layout-traditional elementor-list-item-link-full_width elementor-widget elementor-widget-icon-list\" data-id=\"e5235b2\" data-element_type=\"widget\" data-widget_type=\"icon-list.default\">\n\t\t\t\t\t\t\t<ul class=\"elementor-icon-list-items\">\n\t\t\t\t\t\t\t<li class=\"elementor-icon-list-item\">\n\t\t\t\t\t\t\t\t\t\t\t<span class=\"elementor-icon-list-icon\">\n\t\t\t\t\t\t\t<svg aria-hidden=\"true\" class=\"e-font-icon-svg e-fas-piggy-bank\" viewbox=\"0 0 576 512\" xmlns=\"http:\/\/www.w3.org\/2000\/svg\"><path d=\"M560 224h-29.5c-8.8-20-21.6-37.7-37.4-52.5L512 96h-32c-29.4 0-55.4 13.5-73 34.3-7.6-1.1-15.1-2.3-23-2.3H256c-77.4 0-141.9 55-156.8 128H56c-14.8 0-26.5-13.5-23.5-28.8C34.7 215.8 45.4 208 57 208h1c3.3 0 6-2.7 6-6v-20c0-3.3-2.7-6-6-6-28.5 0-53.9 20.4-57.5 48.6C-3.9 258.8 22.7 288 56 288h40c0 52.2 25.4 98.1 64 127.3V496c0 8.8 7.2 16 16 16h64c8.8 0 16-7.2 16-16v-48h128v48c0 8.8 7.2 16 16 16h64c8.8 0 16-7.2 16-16v-80.7c11.8-8.9 22.3-19.4 31.3-31.3H560c8.8 0 16-7.2 16-16V240c0-8.8-7.2-16-16-16zm-128 64c-8.8 0-16-7.2-16-16s7.2-16 16-16 16 7.2 16 16-7.2 16-16 16zM256 96h128c5.4 0 10.7.4 15.9.8 0-.3.1-.5.1-.8 0-53-43-96-96-96s-96 43-96 96c0 2.1.5 4.1.6 6.2 15.2-3.9 31-6.2 47.4-6.2z\"><\/path><\/svg>\t\t\t\t\t\t<\/span>\n\t\t\t\t\t\t\t\t\t\t<span class=\"elementor-icon-list-text\">Cerdo<\/span>\n\t\t\t\t\t\t\t\t\t<\/li>\n\t\t\t\t\t\t<\/ul>\n\t\t\t\t\t\t<\/div>\n\t\t\t\t<div class=\"elementor-element elementor-element-835f875 elementor-widget elementor-widget-text-editor\" data-id=\"835f875\" data-element_type=\"widget\" data-widget_type=\"text-editor.default\">\n\t\t\t\t\t\t\t\t\t<p>$ 35.000<\/p>\t\t\t\t\t\t\t\t<\/div>\n\t\t\t\t<\/div>\n\t\t\t\t<\/div>\n\t\t<div class=\"elementor-element elementor-element-60cf742 e-con-full e-flex e-con e-child\" data-id=\"60cf742\" data-element_type=\"container\">\n\t\t<div class=\"elementor-element elementor-element-9674899 e-con-full e-flex e-con e-child\" data-id=\"9674899\" data-element_type=\"container\">\n\t\t\t\t<\/div>\n\t\t<div class=\"elementor-element elementor-element-546a172 e-con-full e-flex e-con e-child\" data-id=\"546a172\" data-element_type=\"container\">\n\t\t\t\t<div class=\"elementor-element elementor-element-057a772 elementor-widget elementor-widget-image\" data-id=\"057a772\" data-element_type=\"widget\" data-widget_type=\"image.default\">\n\t\t\t\t\t\t\t\t\t\t\t\t\t\t\t<img loading=\"lazy\" decoding=\"async\" width=\"800\" height=\"800\" src=\"https:\/\/delavegahotelcampestre.com\/wp-content\/uploads\/2025\/11\/almuerzo-5.avif\" class=\"attachment-large size-large wp-image-201\" alt=\"\" srcset=\"https:\/\/delavegahotelcampestre.com\/wp-content\/uploads\/2025\/11\/almuerzo-5.avif 920w, https:\/\/delavegahotelcampestre.com\/wp-content\/uploads\/2025\/11\/almuerzo-5-300x300.avif 300w, https:\/\/delavegahotelcampestre.com\/wp-content\/uploads\/2025\/11\/almuerzo-5-150x150.avif 150w, https:\/\/delavegahotelcampestre.com\/wp-content\/uploads\/2025\/11\/almuerzo-5-768x768.avif 768w, https:\/\/delavegahotelcampestre.com\/wp-content\/uploads\/2025\/11\/almuerzo-5-12x12.avif 12w, https:\/\/delavegahotelcampestre.com\/wp-content\/uploads\/2025\/11\/almuerzo-5-700x700.avif 700w, https:\/\/delavegahotelcampestre.com\/wp-content\/uploads\/2025\/11\/almuerzo-5-600x600.avif 600w, https:\/\/delavegahotelcampestre.com\/wp-content\/uploads\/2025\/11\/almuerzo-5-100x100.avif 100w\" sizes=\"(max-width: 800px) 100vw, 800px\" \/>\t\t\t\t\t\t\t\t\t\t\t\t\t\t\t<\/div>\n\t\t\t\t<div class=\"elementor-element elementor-element-5ca9621 elementor-widget elementor-widget-heading\" data-id=\"5ca9621\" data-element_type=\"widget\" data-widget_type=\"heading.default\">\n\t\t\t\t\t<h2 class=\"elementor-heading-title elementor-size-default\">Trucha Gratinada<\/h2>\t\t\t\t<\/div>\n\t\t\t\t<div class=\"elementor-element elementor-element-6c87a05 elementor-widget elementor-widget-text-editor\" data-id=\"6c87a05\" data-element_type=\"widget\" data-widget_type=\"text-editor.default\">\n\t\t\t\t\t\t\t\t\t<p>La trucha gratinada es uno de los platos m\u00e1s tradicionales del Eje Cafetero y de las zonas de monta\u00f1a de Colombia. Preparada con frescura inigualable, nuestra versi\u00f3n se sirve con un toque de queso fundido que realza su sabor suave y delicado. Este plato no solo es una delicia gastron\u00f3mica, tambi\u00e9n es un s\u00edmbolo de la riqueza natural de nuestros r\u00edos y del v\u00ednculo entre la cocina t\u00edpica y el paisaje cafetero. Una experiencia que conecta con la tradici\u00f3n y el sabor aut\u00e9ntico de Colombia<\/p>\t\t\t\t\t\t\t\t<\/div>\n\t\t\t\t<div class=\"elementor-element elementor-element-ef43026 elementor-icon-list--layout-traditional elementor-list-item-link-full_width elementor-widget elementor-widget-icon-list\" data-id=\"ef43026\" data-element_type=\"widget\" data-widget_type=\"icon-list.default\">\n\t\t\t\t\t\t\t<ul class=\"elementor-icon-list-items\">\n\t\t\t\t\t\t\t<li class=\"elementor-icon-list-item\">\n\t\t\t\t\t\t\t\t\t\t\t<span class=\"elementor-icon-list-icon\">\n\t\t\t\t\t\t\t<svg aria-hidden=\"true\" class=\"e-font-icon-svg e-fas-fill-drip\" viewbox=\"0 0 576 512\" xmlns=\"http:\/\/www.w3.org\/2000\/svg\"><path d=\"M512 320s-64 92.65-64 128c0 35.35 28.66 64 64 64s64-28.65 64-64-64-128-64-128zm-9.37-102.94L294.94 9.37C288.69 3.12 280.5 0 272.31 0s-16.38 3.12-22.62 9.37l-81.58 81.58L81.93 4.76c-6.25-6.25-16.38-6.25-22.62 0L36.69 27.38c-6.24 6.25-6.24 16.38 0 22.62l86.19 86.18-94.76 94.76c-37.49 37.48-37.49 98.26 0 135.75l117.19 117.19c18.74 18.74 43.31 28.12 67.87 28.12 24.57 0 49.13-9.37 67.87-28.12l221.57-221.57c12.5-12.5 12.5-32.75.01-45.25zm-116.22 70.97H65.93c1.36-3.84 3.57-7.98 7.43-11.83l13.15-13.15 81.61-81.61 58.6 58.6c12.49 12.49 32.75 12.49 45.24 0s12.49-32.75 0-45.24l-58.6-58.6 58.95-58.95 162.44 162.44-48.34 48.34z\"><\/path><\/svg>\t\t\t\t\t\t<\/span>\n\t\t\t\t\t\t\t\t\t\t<span class=\"elementor-icon-list-text\">Lactosa<\/span>\n\t\t\t\t\t\t\t\t\t<\/li>\n\t\t\t\t\t\t<\/ul>\n\t\t\t\t\t\t<\/div>\n\t\t\t\t<div class=\"elementor-element elementor-element-cfdec29 elementor-widget elementor-widget-text-editor\" data-id=\"cfdec29\" data-element_type=\"widget\" data-widget_type=\"text-editor.default\">\n\t\t\t\t\t\t\t\t\t<p>$ 35.000<\/p>\t\t\t\t\t\t\t\t<\/div>\n\t\t\t\t<\/div>\n\t\t\t\t<\/div>\n\t\t\t\t<\/div>\n\t\t\t\t\t<\/div>\n\t\t\t\t<\/div>\n\t\t\t\t<\/div>","protected":false},"excerpt":{"rendered":"<p>Gastronom\u00eda t\u00edpica con encanto Colombiano \ud83c\udf3f Men\u00fa De La Vega Campestre Todos los d\u00edas de 6:00am a 11:00 pm Platos principales Una amplia selecci\u00f3n de frescos y sabrosos platos elaborados con productos locales Medallones de Cerdo Los medallones de cerdo son una muestra de la cocina colombiana que combina tradici\u00f3n y modernidad. Preparados con cortes [&hellip;]<\/p>","protected":false},"author":1,"featured_media":0,"parent":0,"menu_order":0,"comment_status":"closed","ping_status":"closed","template":"elementor_header_footer","meta":{"footnotes":""},"class_list":["post-39","page","type-page","status-publish","hentry"],"_hostinger_reach_plugin_has_subscription_block":false,"_hostinger_reach_plugin_is_elementor":false,"_links":{"self":[{"href":"https:\/\/delavegahotelcampestre.com\/en\/wp-json\/wp\/v2\/pages\/39","targetHints":{"allow":["GET"]}}],"collection":[{"href":"https:\/\/delavegahotelcampestre.com\/en\/wp-json\/wp\/v2\/pages"}],"about":[{"href":"https:\/\/delavegahotelcampestre.com\/en\/wp-json\/wp\/v2\/types\/page"}],"author":[{"embeddable":true,"href":"https:\/\/delavegahotelcampestre.com\/en\/wp-json\/wp\/v2\/users\/1"}],"replies":[{"embeddable":true,"href":"https:\/\/delavegahotelcampestre.com\/en\/wp-json\/wp\/v2\/comments?post=39"}],"version-history":[{"count":22,"href":"https:\/\/delavegahotelcampestre.com\/en\/wp-json\/wp\/v2\/pages\/39\/revisions"}],"predecessor-version":[{"id":224,"href":"https:\/\/delavegahotelcampestre.com\/en\/wp-json\/wp\/v2\/pages\/39\/revisions\/224"}],"wp:attachment":[{"href":"https:\/\/delavegahotelcampestre.com\/en\/wp-json\/wp\/v2\/media?parent=39"}],"curies":[{"name":"wp","href":"https:\/\/api.w.org\/{rel}","templated":true}]}}