{"id":37,"date":"2025-11-02T05:32:13","date_gmt":"2025-11-02T05:32:13","guid":{"rendered":"https:\/\/delavegahotelcampestre.com\/?page_id=37"},"modified":"2025-11-04T02:18:34","modified_gmt":"2025-11-04T02:18:34","slug":"eventos","status":"publish","type":"page","link":"https:\/\/delavegahotelcampestre.com\/en\/eventos\/","title":{"rendered":"Eventos"},"content":{"rendered":"<div data-elementor-type=\"wp-page\" data-elementor-id=\"37\" class=\"elementor elementor-37\" data-elementor-post-type=\"page\">\n\t\t\t\t<div class=\"elementor-element elementor-element-b8f0b9c e-flex e-con-boxed e-con e-parent\" data-id=\"b8f0b9c\" data-element_type=\"container\" data-settings=\"{&quot;background_background&quot;:&quot;classic&quot;}\">\n\t\t\t\t\t<div class=\"e-con-inner\">\n\t\t\t\t<div class=\"elementor-element elementor-element-4fb0958 elementor-widget elementor-widget-heading\" data-id=\"4fb0958\" data-element_type=\"widget\" data-widget_type=\"heading.default\">\n\t\t\t\t\t<h2 class=\"elementor-heading-title elementor-size-default\">Eventos<\/h2>\t\t\t\t<\/div>\n\t\t\t\t\t<\/div>\n\t\t\t\t<\/div>\n\t\t<div class=\"elementor-element elementor-element-fbe1440 e-flex e-con-boxed e-con e-parent\" data-id=\"fbe1440\" data-element_type=\"container\" data-settings=\"{&quot;background_background&quot;:&quot;classic&quot;}\">\n\t\t\t\t\t<div class=\"e-con-inner\">\n\t\t<div class=\"elementor-element elementor-element-d597046 e-con-full e-flex e-con e-child\" data-id=\"d597046\" data-element_type=\"container\">\n\t\t\t\t<div class=\"elementor-element elementor-element-1625e8f elementor-widget elementor-widget-text-editor\" data-id=\"1625e8f\" data-element_type=\"widget\" data-widget_type=\"text-editor.default\">\n\t\t\t\t\t\t\t\t\t<p>En De la Vega Hotel Campestre hacemos de tus eventos una experiencia inolvidable. Contamos con espacios rodeados de naturaleza y el encanto t\u00edpico del <strong><span style=\"color: #f2ab26\">Paisaje Cafetero<\/span><\/strong>, perfectos para bodas, celebraciones familiares, conferencias y retiros empresariales. Aqu\u00ed la <strong><span style=\"color: #f2ab26\">tradici\u00f3n colombiana<\/span><\/strong> se une con la comodidad para que cada detalle sea especial.<\/p>\t\t\t\t\t\t\t\t<\/div>\n\t\t\t\t<\/div>\n\t\t<div class=\"elementor-element elementor-element-e4d474b e-con-full e-flex e-con e-child\" data-id=\"e4d474b\" data-element_type=\"container\">\n\t\t<div class=\"elementor-element elementor-element-5882b84 e-con-full e-flex e-con e-child\" data-id=\"5882b84\" data-element_type=\"container\" data-settings=\"{&quot;background_background&quot;:&quot;classic&quot;}\">\n\t\t\t\t<div class=\"elementor-element elementor-element-6e6b61a elementor-widget elementor-widget-image\" data-id=\"6e6b61a\" data-element_type=\"widget\" data-widget_type=\"image.default\">\n\t\t\t\t\t\t\t\t\t\t\t\t\t\t\t<img fetchpriority=\"high\" decoding=\"async\" width=\"734\" height=\"1024\" src=\"https:\/\/delavegahotelcampestre.com\/wp-content\/uploads\/2025\/11\/52c40c_a409f9d7185d47be9eea23b2e11aed42mv2-734x1024.avif\" class=\"attachment-large size-large wp-image-132\" alt=\"\" srcset=\"https:\/\/delavegahotelcampestre.com\/wp-content\/uploads\/2025\/11\/52c40c_a409f9d7185d47be9eea23b2e11aed42mv2-734x1024.avif 734w, https:\/\/delavegahotelcampestre.com\/wp-content\/uploads\/2025\/11\/52c40c_a409f9d7185d47be9eea23b2e11aed42mv2-215x300.avif 215w, https:\/\/delavegahotelcampestre.com\/wp-content\/uploads\/2025\/11\/52c40c_a409f9d7185d47be9eea23b2e11aed42mv2-768x1072.avif 768w, https:\/\/delavegahotelcampestre.com\/wp-content\/uploads\/2025\/11\/52c40c_a409f9d7185d47be9eea23b2e11aed42mv2-9x12.avif 9w, https:\/\/delavegahotelcampestre.com\/wp-content\/uploads\/2025\/11\/52c40c_a409f9d7185d47be9eea23b2e11aed42mv2-600x837.avif 600w, https:\/\/delavegahotelcampestre.com\/wp-content\/uploads\/2025\/11\/52c40c_a409f9d7185d47be9eea23b2e11aed42mv2.avif 860w\" sizes=\"(max-width: 734px) 100vw, 734px\" \/>\t\t\t\t\t\t\t\t\t\t\t\t\t\t\t<\/div>\n\t\t\t\t<\/div>\n\t\t<div class=\"elementor-element elementor-element-39c3e01 e-con-full e-flex e-con e-child\" data-id=\"39c3e01\" data-element_type=\"container\" data-settings=\"{&quot;background_background&quot;:&quot;classic&quot;}\">\n\t\t\t\t<div class=\"elementor-element elementor-element-9c7fdf9 elementor-widget elementor-widget-heading\" data-id=\"9c7fdf9\" data-element_type=\"widget\" data-widget_type=\"heading.default\">\n\t\t\t\t\t<h2 class=\"elementor-heading-title elementor-size-default\">Cena de San Silvestre<\/h2>\t\t\t\t<\/div>\n\t\t<div class=\"elementor-element elementor-element-4bab5dd e-con-full e-flex e-con e-child\" data-id=\"4bab5dd\" data-element_type=\"container\">\n\t\t\t\t<div class=\"elementor-element elementor-element-1de56b9 elementor-widget elementor-widget-text-editor\" data-id=\"1de56b9\" data-element_type=\"widget\" data-widget_type=\"text-editor.default\">\n\t\t\t\t\t\t\t\t\t<p>Cu\u00e1ndo<\/p>\t\t\t\t\t\t\t\t<\/div>\n\t\t\t\t<div class=\"elementor-element elementor-element-1984189 elementor-widget-divider--view-line elementor-widget elementor-widget-divider\" data-id=\"1984189\" data-element_type=\"widget\" data-widget_type=\"divider.default\">\n\t\t\t\t\t\t\t<div class=\"elementor-divider\">\n\t\t\t<span class=\"elementor-divider-separator\">\n\t\t\t\t\t\t<\/span>\n\t\t<\/div>\n\t\t\t\t\t\t<\/div>\n\t\t\t\t<div class=\"elementor-element elementor-element-5eb43ab elementor-widget elementor-widget-text-editor\" data-id=\"5eb43ab\" data-element_type=\"widget\" data-widget_type=\"text-editor.default\">\n\t\t\t\t\t\t\t\t\t<p>31 de dic de 2025, 8:00 p. m. \u2013 11:50 p. m.<\/p>\t\t\t\t\t\t\t\t<\/div>\n\t\t\t\t<\/div>\n\t\t<div class=\"elementor-element elementor-element-b35e61e e-con-full e-flex e-con e-child\" data-id=\"b35e61e\" data-element_type=\"container\">\n\t\t\t\t<div class=\"elementor-element elementor-element-45382b5 elementor-widget elementor-widget-text-editor\" data-id=\"45382b5\" data-element_type=\"widget\" data-widget_type=\"text-editor.default\">\n\t\t\t\t\t\t\t\t\t<p>D\u00f3nde<\/p>\t\t\t\t\t\t\t\t<\/div>\n\t\t\t\t<div class=\"elementor-element elementor-element-a70474a elementor-widget-divider--view-line elementor-widget elementor-widget-divider\" data-id=\"a70474a\" data-element_type=\"widget\" data-widget_type=\"divider.default\">\n\t\t\t\t\t\t\t<div class=\"elementor-divider\">\n\t\t\t<span class=\"elementor-divider-separator\">\n\t\t\t\t\t\t<\/span>\n\t\t<\/div>\n\t\t\t\t\t\t<\/div>\n\t\t\t\t<div class=\"elementor-element elementor-element-aae8d29 elementor-widget elementor-widget-text-editor\" data-id=\"aae8d29\" data-element_type=\"widget\" data-widget_type=\"text-editor.default\">\n\t\t\t\t\t\t\t\t\t<p>Montenegro, Km 6 V\u00eda Montenegro &#8211; Pueblo Tapao, Montenegro, Quind\u00edo, Montenegro, Quind\u00edo, Colombia<\/p>\t\t\t\t\t\t\t\t<\/div>\n\t\t\t\t<\/div>\n\t\t\t\t<div class=\"elementor-element elementor-element-15a9783 elementor-align-center elementor-widget elementor-widget-button\" data-id=\"15a9783\" data-element_type=\"widget\" data-widget_type=\"button.default\">\n\t\t\t\t\t\t\t\t\t\t<a class=\"elementor-button elementor-button-link elementor-size-sm\" href=\"#\">\n\t\t\t\t\t\t<span class=\"elementor-button-content-wrapper\">\n\t\t\t\t\t\t\t\t\t<span class=\"elementor-button-text\">Reg\u00edstrarse<\/span>\n\t\t\t\t\t<\/span>\n\t\t\t\t\t<\/a>\n\t\t\t\t\t\t\t\t<\/div>\n\t\t\t\t<div class=\"elementor-element elementor-element-6d4b7fa elementor-shape-rounded elementor-grid-0 e-grid-align-center elementor-widget elementor-widget-social-icons\" data-id=\"6d4b7fa\" data-element_type=\"widget\" data-widget_type=\"social-icons.default\">\n\t\t\t\t\t\t\t<div class=\"elementor-social-icons-wrapper elementor-grid\" role=\"list\">\n\t\t\t\t\t\t\t<span class=\"elementor-grid-item\" role=\"listitem\">\n\t\t\t\t\t<a class=\"elementor-icon elementor-social-icon elementor-social-icon-facebook-f elementor-repeater-item-32863de\" target=\"_blank\">\n\t\t\t\t\t\t<span class=\"elementor-screen-only\">Facebook-f<\/span>\n\t\t\t\t\t\t<svg aria-hidden=\"true\" class=\"e-font-icon-svg e-fab-facebook-f\" viewbox=\"0 0 320 512\" xmlns=\"http:\/\/www.w3.org\/2000\/svg\"><path d=\"M279.14 288l14.22-92.66h-88.91v-60.13c0-25.35 12.42-50.06 52.24-50.06h40.42V6.26S260.43 0 225.36 0c-73.22 0-121.08 44.38-121.08 124.72v70.62H22.89V288h81.39v224h100.17V288z\"><\/path><\/svg>\t\t\t\t\t<\/a>\n\t\t\t\t<\/span>\n\t\t\t\t\t\t\t<span class=\"elementor-grid-item\" role=\"listitem\">\n\t\t\t\t\t<a class=\"elementor-icon elementor-social-icon elementor-social-icon-x-twitter elementor-repeater-item-db238dd\" target=\"_blank\">\n\t\t\t\t\t\t<span class=\"elementor-screen-only\">X-twitter<\/span>\n\t\t\t\t\t\t<svg aria-hidden=\"true\" class=\"e-font-icon-svg e-fab-x-twitter\" viewbox=\"0 0 512 512\" xmlns=\"http:\/\/www.w3.org\/2000\/svg\"><path d=\"M389.2 48h70.6L305.6 224.2 487 464H345L233.7 318.6 106.5 464H35.8L200.7 275.5 26.8 48H172.4L272.9 180.9 389.2 48zM364.4 421.8h39.1L151.1 88h-42L364.4 421.8z\"><\/path><\/svg>\t\t\t\t\t<\/a>\n\t\t\t\t<\/span>\n\t\t\t\t\t\t\t<span class=\"elementor-grid-item\" role=\"listitem\">\n\t\t\t\t\t<a class=\"elementor-icon elementor-social-icon elementor-social-icon-linkedin-in elementor-repeater-item-058cbcd\" target=\"_blank\">\n\t\t\t\t\t\t<span class=\"elementor-screen-only\">Linkedin-in<\/span>\n\t\t\t\t\t\t<svg aria-hidden=\"true\" class=\"e-font-icon-svg e-fab-linkedin-in\" viewbox=\"0 0 448 512\" xmlns=\"http:\/\/www.w3.org\/2000\/svg\"><path d=\"M100.28 448H7.4V148.9h92.88zM53.79 108.1C24.09 108.1 0 83.5 0 53.8a53.79 53.79 0 0 1 107.58 0c0 29.7-24.1 54.3-53.79 54.3zM447.9 448h-92.68V302.4c0-34.7-.7-79.2-48.29-79.2-48.29 0-55.69 37.7-55.69 76.7V448h-92.78V148.9h89.08v40.8h1.3c12.4-23.5 42.69-48.3 87.88-48.3 94 0 111.28 61.9 111.28 142.3V448z\"><\/path><\/svg>\t\t\t\t\t<\/a>\n\t\t\t\t<\/span>\n\t\t\t\t\t<\/div>\n\t\t\t\t\t\t<\/div>\n\t\t\t\t<\/div>\n\t\t\t\t<\/div>\n\t\t\t\t\t<\/div>\n\t\t\t\t<\/div>\n\t\t\t\t<\/div>","protected":false},"excerpt":{"rendered":"<p>Eventos En De la Vega Hotel Campestre hacemos de tus eventos una experiencia inolvidable. Contamos con espacios rodeados de naturaleza y el encanto t\u00edpico del Paisaje Cafetero, perfectos para bodas, celebraciones familiares, conferencias y retiros empresariales. Aqu\u00ed la tradici\u00f3n colombiana se une con la comodidad para que cada detalle sea especial. Cena de San Silvestre [&hellip;]<\/p>","protected":false},"author":1,"featured_media":0,"parent":0,"menu_order":0,"comment_status":"closed","ping_status":"closed","template":"elementor_header_footer","meta":{"footnotes":""},"class_list":["post-37","page","type-page","status-publish","hentry"],"_hostinger_reach_plugin_has_subscription_block":false,"_hostinger_reach_plugin_is_elementor":false,"_links":{"self":[{"href":"https:\/\/delavegahotelcampestre.com\/en\/wp-json\/wp\/v2\/pages\/37","targetHints":{"allow":["GET"]}}],"collection":[{"href":"https:\/\/delavegahotelcampestre.com\/en\/wp-json\/wp\/v2\/pages"}],"about":[{"href":"https:\/\/delavegahotelcampestre.com\/en\/wp-json\/wp\/v2\/types\/page"}],"author":[{"embeddable":true,"href":"https:\/\/delavegahotelcampestre.com\/en\/wp-json\/wp\/v2\/users\/1"}],"replies":[{"embeddable":true,"href":"https:\/\/delavegahotelcampestre.com\/en\/wp-json\/wp\/v2\/comments?post=37"}],"version-history":[{"count":10,"href":"https:\/\/delavegahotelcampestre.com\/en\/wp-json\/wp\/v2\/pages\/37\/revisions"}],"predecessor-version":[{"id":234,"href":"https:\/\/delavegahotelcampestre.com\/en\/wp-json\/wp\/v2\/pages\/37\/revisions\/234"}],"wp:attachment":[{"href":"https:\/\/delavegahotelcampestre.com\/en\/wp-json\/wp\/v2\/media?parent=37"}],"curies":[{"name":"wp","href":"https:\/\/api.w.org\/{rel}","templated":true}]}}