{"id":35,"date":"2025-11-02T05:31:56","date_gmt":"2025-11-02T05:31:56","guid":{"rendered":"https:\/\/delavegahotelcampestre.com\/?page_id=35"},"modified":"2025-11-13T05:08:09","modified_gmt":"2025-11-13T05:08:09","slug":"habitaciones","status":"publish","type":"page","link":"https:\/\/delavegahotelcampestre.com\/en\/habitaciones\/","title":{"rendered":"Habitaciones"},"content":{"rendered":"<div data-elementor-type=\"wp-page\" data-elementor-id=\"35\" class=\"elementor elementor-35\" data-elementor-post-type=\"page\">\n\t\t\t\t<div class=\"elementor-element elementor-element-9d7d658 e-flex e-con-boxed e-con e-parent\" data-id=\"9d7d658\" data-element_type=\"container\">\n\t\t\t\t\t<div class=\"e-con-inner\">\n\t\t\t\t<div class=\"elementor-element elementor-element-ee38534 elementor-view-default elementor-widget elementor-widget-icon\" data-id=\"ee38534\" data-element_type=\"widget\" data-widget_type=\"icon.default\">\n\t\t\t\t\t\t\t<div class=\"elementor-icon-wrapper\">\n\t\t\t<div class=\"elementor-icon\">\n\t\t\t<svg aria-hidden=\"true\" class=\"e-font-icon-svg e-fas-hotel\" viewbox=\"0 0 576 512\" xmlns=\"http:\/\/www.w3.org\/2000\/svg\"><path d=\"M560 64c8.84 0 16-7.16 16-16V16c0-8.84-7.16-16-16-16H16C7.16 0 0 7.16 0 16v32c0 8.84 7.16 16 16 16h15.98v384H16c-8.84 0-16 7.16-16 16v32c0 8.84 7.16 16 16 16h240v-80c0-8.8 7.2-16 16-16h32c8.8 0 16 7.2 16 16v80h240c8.84 0 16-7.16 16-16v-32c0-8.84-7.16-16-16-16h-16V64h16zm-304 44.8c0-6.4 6.4-12.8 12.8-12.8h38.4c6.4 0 12.8 6.4 12.8 12.8v38.4c0 6.4-6.4 12.8-12.8 12.8h-38.4c-6.4 0-12.8-6.4-12.8-12.8v-38.4zm0 96c0-6.4 6.4-12.8 12.8-12.8h38.4c6.4 0 12.8 6.4 12.8 12.8v38.4c0 6.4-6.4 12.8-12.8 12.8h-38.4c-6.4 0-12.8-6.4-12.8-12.8v-38.4zm-128-96c0-6.4 6.4-12.8 12.8-12.8h38.4c6.4 0 12.8 6.4 12.8 12.8v38.4c0 6.4-6.4 12.8-12.8 12.8h-38.4c-6.4 0-12.8-6.4-12.8-12.8v-38.4zM179.2 256h-38.4c-6.4 0-12.8-6.4-12.8-12.8v-38.4c0-6.4 6.4-12.8 12.8-12.8h38.4c6.4 0 12.8 6.4 12.8 12.8v38.4c0 6.4-6.4 12.8-12.8 12.8zM192 384c0-53.02 42.98-96 96-96s96 42.98 96 96H192zm256-140.8c0 6.4-6.4 12.8-12.8 12.8h-38.4c-6.4 0-12.8-6.4-12.8-12.8v-38.4c0-6.4 6.4-12.8 12.8-12.8h38.4c6.4 0 12.8 6.4 12.8 12.8v38.4zm0-96c0 6.4-6.4 12.8-12.8 12.8h-38.4c-6.4 0-12.8-6.4-12.8-12.8v-38.4c0-6.4 6.4-12.8 12.8-12.8h38.4c6.4 0 12.8 6.4 12.8 12.8v38.4z\"><\/path><\/svg>\t\t\t<\/div>\n\t\t<\/div>\n\t\t\t\t\t\t<\/div>\n\t\t\t\t<div class=\"elementor-element elementor-element-c96dcc7 elementor-widget elementor-widget-heading\" data-id=\"c96dcc7\" data-element_type=\"widget\" data-widget_type=\"heading.default\">\n\t\t\t\t\t<h1 class=\"elementor-heading-title elementor-size-default\">Encuentra tu habitaci\u00f3n <\/h1>\t\t\t\t<\/div>\n\t\t<div class=\"elementor-element elementor-element-b6c75fd e-con-full e-flex e-con e-child\" data-id=\"b6c75fd\" data-element_type=\"container\" data-settings=\"{&quot;background_background&quot;:&quot;classic&quot;}\">\n\t\t\t\t<div class=\"elementor-element elementor-element-3106288 elementor-widget elementor-widget-mphbe-search-form\" data-id=\"3106288\" data-element_type=\"widget\" data-settings=\"{&quot;hide_tips&quot;:&quot;no&quot;}\" data-widget_type=\"mphbe-search-form.default\">\n\t\t\t\t<div class=\"elementor-widget-container\">\n\t\t\t\t\t<div class=\"mphb_sc_search-wrapper is-style-horizontal-form mphbs-fw-100\">\n<form method=\"GET\" class=\"mphb_sc_search-form\" action=\"https:\/\/delavegahotelcampestre.com\/en\/resultados-de-busqueda\/\" data-first_available_check_in_date=\"2026-04-17\" data-trp-original-action=\"https:\/\/delavegahotelcampestre.com\/en\/resultados-de-busqueda\/\">\n\n\t<p class = \"mphb-required-fields-tip\">\n\t<small>\n\t\tRequired fields are followed by\t\t<abbr title=\"required\">*<\/abbr>\n\t<\/small>\n<\/p>\n\n\t<p class=\"mphb_sc_search-check-in-date\">\n\t\t<label for=\"mphb_check_in_date-mphb-search-form-69e2217d2e7db\">\n\t\t\tCheck-in\t\t\t<abbr title=\"Formatted as dd\/mm\/yyyy\">*<\/abbr>\n\t\t<\/label>\n\t\t<br \/>\n\t\t<input\n\t\t\tid=\"mphb_check_in_date-mphb-search-form-69e2217d2e7db\"\n\t\t\tdata-datepick-group=\"mphb-search-form-69e2217d2e7db\"\n\t\t\tvalue=\"\"\n\t\t\tplaceholder=\"Check-in Date\"\n\t\t\trequired=\"required\"\n\t\t\ttype=\"text\"\n\t\t\tinputmode=\"none\"\n\t\t\tname=\"mphb_check_in_date\"\n\t\t\tclass=\"mphb-datepick\"\n\t\t\tautocomplete=\"off\"\n\t\t\t\/>\n\t<\/p>\n\n\t<p class=\"mphb_sc_search-check-out-date\">\n\t\t<label for=\"mphb_check_out_date-mphb-search-form-69e2217d2e7db\">\n\t\t\tCheck-out\t\t\t<abbr title=\"Formatted as dd\/mm\/yyyy\">*<\/abbr>\n\t\t<\/label>\n\t\t<br \/>\n\t\t<input\n\t\t\tid=\"mphb_check_out_date-mphb-search-form-69e2217d2e7db\"\n\t\t\tdata-datepick-group=\"mphb-search-form-69e2217d2e7db\"\n\t\t\tvalue=\"\"\n\t\t\tplaceholder=\"Check-out Date\"\n\t\t\trequired=\"required\"\n\t\t\ttype=\"text\"\n\t\t\tinputmode=\"none\"\n\t\t\tname=\"mphb_check_out_date\"\n\t\t\tclass=\"mphb-datepick\"\n\t\t\tautocomplete=\"off\"\n\t\t\t\/>\n\t<\/p>\n\n\t\t\t<p class=\"mphb_sc_search-adults\">\n\t\t\t<label for=\"mphb_adults-mphb-search-form-69e2217d2e7db\">\n\t\t\t\tAdults\t\t\t<\/label>\n\t\t\t<br \/>\n\t\t\t<select id=\"mphb_adults-mphb-search-form-69e2217d2e7db\" name=\"mphb_adults\" >\n\t\t\t\t\t\t\t\t\t<option value=\"1\" >1<\/option>\n\t\t\t\t\t\t\t\t\t<option value=\"2\"  selected='selected'>2<\/option>\n\t\t\t\t\t\t\t\t\t<option value=\"3\" >3<\/option>\n\t\t\t\t\t\t\t\t\t<option value=\"4\" >4<\/option>\n\t\t\t\t\t\t\t\t\t<option value=\"5\" >5<\/option>\n\t\t\t\t\t\t\t\t\t<option value=\"6\" >6<\/option>\n\t\t\t\t\t\t\t\t\t<option value=\"7\" >7<\/option>\n\t\t\t\t\t\t\t<\/select>\n\t\t<\/p>\n\t\n\t\t\t<p class=\"mphb_sc_search-children\">\n\t\t\t<label for=\"mphb_children-mphb-search-form-69e2217d2e7db\">\n\t\t\t\tChildren 14\t\t\t<\/label>\n\t\t\t<br \/>\n\t\t\t<select id=\"mphb_children-mphb-search-form-69e2217d2e7db\" name=\"mphb_children\">\n\t\t\t\t\t\t\t\t\t<option value=\"0\"  selected='selected'>0<\/option>\n\t\t\t\t\t\t\t\t\t<option value=\"1\" >1<\/option>\n\t\t\t\t\t\t\t\t\t<option value=\"2\" >2<\/option>\n\t\t\t\t\t\t\t\t\t<option value=\"3\" >3<\/option>\n\t\t\t\t\t\t\t\t\t<option value=\"4\" >4<\/option>\n\t\t\t\t\t\t\t\t\t<option value=\"5\" >5<\/option>\n\t\t\t\t\t\t\t<\/select>\n\t\t<\/p>\n\t\n\t\n\t\n\t<input id=\"mphb_check_in_date-mphb-search-form-69e2217d2e7db-hidden\" value=\"\" type=\"hidden\" name=\"mphb_check_in_date\" \/><input id=\"mphb_check_out_date-mphb-search-form-69e2217d2e7db-hidden\" value=\"\" type=\"hidden\" name=\"mphb_check_out_date\" \/>\n\t<p class=\"mphb_sc_search-submit-button-wrapper\">\n\t\t<input type=\"submit\" class=\"button\" value=\"Search\"\/>\n\t<\/p>\n\n\t\n<input type=\"hidden\" name=\"trp-form-language\" value=\"en\"\/><\/form>\n<\/div>\t\t\t\t<\/div>\n\t\t\t\t<\/div>\n\t\t\t\t<\/div>\n\t\t\t\t\t<\/div>\n\t\t\t\t<\/div>\n\t\t<div class=\"elementor-element elementor-element-a3acfc6 rooms-grid e-flex e-con-boxed e-con e-parent\" data-id=\"a3acfc6\" data-element_type=\"container\">\n\t\t\t\t\t<div class=\"e-con-inner\">\n\t\t\t\t<div class=\"elementor-element elementor-element-742c1b4 elementor-widget elementor-widget-mphbe-rooms\" data-id=\"742c1b4\" data-element_type=\"widget\" data-widget_type=\"mphbe-rooms.default\">\n\t\t\t\t<div class=\"elementor-widget-container\">\n\t\t\t\t\t<div class=\"mphb_sc_rooms-wrapper mphb-room-types\">\n<div class=\"mphb-room-type post-314 mphb_room_type type-mphb_room_type status-publish has-post-thumbnail mphb_room_type_category-cabana mphb_room_type_facility-ambiente-libre-de-humo mphb_room_type_facility-area-de-desayuno mphb_room_type_facility-articulos-de-aseo-gratuitos mphb_room_type_facility-bano-con-ducha mphb_room_type_facility-tv-smart mphb_room_type_facility-zonas-de-asientos mphb-room-type-adults-7 mphb-room-type-children-0\">\n\n\t\n\t\n\n\t<p class=\"post-thumbnail mphb-loop-room-thumbnail\">\n\t<a href=\"https:\/\/delavegahotelcampestre.com\/en\/accommodation\/cabana-7-personas\/\">\n\t<img fetchpriority=\"high\" decoding=\"async\" width=\"1080\" height=\"1080\" src=\"https:\/\/delavegahotelcampestre.com\/wp-content\/uploads\/2025\/11\/habitacion-7.jpg\" class=\"attachment-post-thumbnail size-post-thumbnail wp-post-image\" alt=\"\" srcset=\"https:\/\/delavegahotelcampestre.com\/wp-content\/uploads\/2025\/11\/habitacion-7.jpg 1080w, https:\/\/delavegahotelcampestre.com\/wp-content\/uploads\/2025\/11\/habitacion-7-300x300.jpg 300w, https:\/\/delavegahotelcampestre.com\/wp-content\/uploads\/2025\/11\/habitacion-7-1024x1024.jpg 1024w, https:\/\/delavegahotelcampestre.com\/wp-content\/uploads\/2025\/11\/habitacion-7-150x150.jpg 150w, https:\/\/delavegahotelcampestre.com\/wp-content\/uploads\/2025\/11\/habitacion-7-768x768.jpg 768w, https:\/\/delavegahotelcampestre.com\/wp-content\/uploads\/2025\/11\/habitacion-7-12x12.jpg 12w, https:\/\/delavegahotelcampestre.com\/wp-content\/uploads\/2025\/11\/habitacion-7-700x700.jpg 700w, https:\/\/delavegahotelcampestre.com\/wp-content\/uploads\/2025\/11\/habitacion-7-600x600.jpg 600w, https:\/\/delavegahotelcampestre.com\/wp-content\/uploads\/2025\/11\/habitacion-7-100x100.jpg 100w\" sizes=\"(max-width: 1080px) 100vw, 1080px\" \/>\t<\/a>\n\n\t<\/p>\n\n<h2 class=\"mphb-room-type-title entry-title\">\n\n<a class=\"mphb-room-type-title\" href=\"https:\/\/delavegahotelcampestre.com\/en\/accommodation\/cabana-7-personas\/\">Caba\u00f1a 7 personas<\/a>\n\n<\/h2>\n\n<p>Acerca de esta habitaci\u00f3n Habitaci\u00f3n individual peque\u00f1a, habitaci\u00f3n doble, habitaci\u00f3n con cama queen ol\u00edmpica, vista al jard\u00edn, vista a la monta\u00f1a, vista al parque, balc\u00f3n, ba\u00f1o con ducha, zona de estar, televisi\u00f3n por cable, ventilador y habitaci\u00f3n para no fumadores.<\/p>\n\n\n\n\t<p class=\"mphb-regular-price\"><strong>Prices start at:<\/strong>\n\t<span class=\"mphb-price\"><span class=\"mphb-currency\">&#36;<\/span>875,000<\/span> <span class=\"mphb-price-period\" title=\"Choose dates to see relevant prices\">per night<\/span>\n\t<\/p>\n\t\n<p class=\"mphb-view-details-button-wrapper\">\n<a class=\"button mphb-view-details-button\" href=\"https:\/\/delavegahotelcampestre.com\/en\/accommodation\/cabana-7-personas\/\" >View Details<\/a>\n<\/p>\n<div class=\"mphb-to-book-btn-wrapper\">\n<form action=\"https:\/\/delavegahotelcampestre.com\/en\/accommodation\/cabana-7-personas\/#booking-form-314\" method=\"get\" data-trp-original-action=\"https:\/\/delavegahotelcampestre.com\/en\/accommodation\/cabana-7-personas\/#booking-form-314\" ><button type=\"submit\" class=\"button mphb-book-button\" >Book<\/button><input type=\"hidden\" name=\"trp-form-language\" value=\"en\"\/><\/form>\n<br\/><\/div>\n\t\n<\/div>\n\n<div class=\"mphb-room-type post-323 mphb_room_type type-mphb_room_type status-publish has-post-thumbnail mphb_room_type_category-cabana mphb_room_type_facility-balcon mphb_room_type_facility-doble mphb-room-type-adults-2 mphb-room-type-children-0\">\n\n\t\n\t\n\n\t<p class=\"post-thumbnail mphb-loop-room-thumbnail\">\n\t<a href=\"https:\/\/delavegahotelcampestre.com\/en\/accommodation\/cabana-doble\/\">\n\t<img decoding=\"async\" width=\"1080\" height=\"1080\" src=\"https:\/\/delavegahotelcampestre.com\/wp-content\/uploads\/2025\/11\/doble.jpg\" class=\"attachment-post-thumbnail size-post-thumbnail wp-post-image\" alt=\"\" srcset=\"https:\/\/delavegahotelcampestre.com\/wp-content\/uploads\/2025\/11\/doble.jpg 1080w, https:\/\/delavegahotelcampestre.com\/wp-content\/uploads\/2025\/11\/doble-300x300.jpg 300w, https:\/\/delavegahotelcampestre.com\/wp-content\/uploads\/2025\/11\/doble-1024x1024.jpg 1024w, https:\/\/delavegahotelcampestre.com\/wp-content\/uploads\/2025\/11\/doble-150x150.jpg 150w, https:\/\/delavegahotelcampestre.com\/wp-content\/uploads\/2025\/11\/doble-768x768.jpg 768w, https:\/\/delavegahotelcampestre.com\/wp-content\/uploads\/2025\/11\/doble-12x12.jpg 12w, https:\/\/delavegahotelcampestre.com\/wp-content\/uploads\/2025\/11\/doble-700x700.jpg 700w, https:\/\/delavegahotelcampestre.com\/wp-content\/uploads\/2025\/11\/doble-600x600.jpg 600w, https:\/\/delavegahotelcampestre.com\/wp-content\/uploads\/2025\/11\/doble-100x100.jpg 100w\" sizes=\"(max-width: 1080px) 100vw, 1080px\" \/>\t<\/a>\n\n\t<\/p>\n\n<h2 class=\"mphb-room-type-title entry-title\">\n\n<a class=\"mphb-room-type-title\" href=\"https:\/\/delavegahotelcampestre.com\/en\/accommodation\/cabana-doble\/\">Caba\u00f1a Doble<\/a>\n\n<\/h2>\n\n<p>Doble y balc\u00f3n<\/p>\n\n\n\n\t<p class=\"mphb-regular-price\"><strong>Prices start at:<\/strong>\n\t<span class=\"mphb-price\"><span class=\"mphb-currency\">&#36;<\/span>125,000<\/span> <span class=\"mphb-price-period\" title=\"Choose dates to see relevant prices\">per night<\/span>\n\t<\/p>\n\t\n<p class=\"mphb-view-details-button-wrapper\">\n<a class=\"button mphb-view-details-button\" href=\"https:\/\/delavegahotelcampestre.com\/en\/accommodation\/cabana-doble\/\" >View Details<\/a>\n<\/p>\n<div class=\"mphb-to-book-btn-wrapper\">\n<form action=\"https:\/\/delavegahotelcampestre.com\/en\/accommodation\/cabana-doble\/#booking-form-323\" method=\"get\" data-trp-original-action=\"https:\/\/delavegahotelcampestre.com\/en\/accommodation\/cabana-doble\/#booking-form-323\" ><button type=\"submit\" class=\"button mphb-book-button\" >Book<\/button><input type=\"hidden\" name=\"trp-form-language\" value=\"en\"\/><\/form>\n<br\/><\/div>\n\t\n<\/div>\n\n<div class=\"mphb-room-type post-333 mphb_room_type type-mphb_room_type status-publish has-post-thumbnail mphb_room_type_category-cabana mphb_room_type_facility-balcon mphb_room_type_facility-bano-con-ducha mphb_room_type_facility-bano-privado mphb-room-type-adults-6 mphb-room-type-children-0\">\n\n\t\n\t\n\n\t<p class=\"post-thumbnail mphb-loop-room-thumbnail\">\n\t<a href=\"https:\/\/delavegahotelcampestre.com\/en\/accommodation\/cabana-6-personas\/\">\n\t<img decoding=\"async\" width=\"1080\" height=\"1080\" src=\"https:\/\/delavegahotelcampestre.com\/wp-content\/uploads\/2025\/11\/seis.jpg\" class=\"attachment-post-thumbnail size-post-thumbnail wp-post-image\" alt=\"\" srcset=\"https:\/\/delavegahotelcampestre.com\/wp-content\/uploads\/2025\/11\/seis.jpg 1080w, https:\/\/delavegahotelcampestre.com\/wp-content\/uploads\/2025\/11\/seis-300x300.jpg 300w, https:\/\/delavegahotelcampestre.com\/wp-content\/uploads\/2025\/11\/seis-1024x1024.jpg 1024w, https:\/\/delavegahotelcampestre.com\/wp-content\/uploads\/2025\/11\/seis-150x150.jpg 150w, https:\/\/delavegahotelcampestre.com\/wp-content\/uploads\/2025\/11\/seis-768x768.jpg 768w, https:\/\/delavegahotelcampestre.com\/wp-content\/uploads\/2025\/11\/seis-12x12.jpg 12w, https:\/\/delavegahotelcampestre.com\/wp-content\/uploads\/2025\/11\/seis-700x700.jpg 700w, https:\/\/delavegahotelcampestre.com\/wp-content\/uploads\/2025\/11\/seis-600x600.jpg 600w, https:\/\/delavegahotelcampestre.com\/wp-content\/uploads\/2025\/11\/seis-100x100.jpg 100w\" sizes=\"(max-width: 1080px) 100vw, 1080px\" \/>\t<\/a>\n\n\t<\/p>\n\n<h2 class=\"mphb-room-type-title entry-title\">\n\n<a class=\"mphb-room-type-title\" href=\"https:\/\/delavegahotelcampestre.com\/en\/accommodation\/cabana-6-personas\/\">Caba\u00f1a 6 personas<\/a>\n\n<\/h2>\n\n<p>Habitaci\u00f3n individual peque\u00f1a<\/p>\n\n\n\n\t<p class=\"mphb-regular-price\"><strong>Prices start at:<\/strong>\n\t<span class=\"mphb-price\"><span class=\"mphb-currency\">&#36;<\/span>750,000<\/span> <span class=\"mphb-price-period\" title=\"Choose dates to see relevant prices\">per night<\/span>\n\t<\/p>\n\t\n<p class=\"mphb-view-details-button-wrapper\">\n<a class=\"button mphb-view-details-button\" href=\"https:\/\/delavegahotelcampestre.com\/en\/accommodation\/cabana-6-personas\/\" >View Details<\/a>\n<\/p>\n<div class=\"mphb-to-book-btn-wrapper\">\n<form action=\"https:\/\/delavegahotelcampestre.com\/en\/accommodation\/cabana-6-personas\/#booking-form-333\" method=\"get\" data-trp-original-action=\"https:\/\/delavegahotelcampestre.com\/en\/accommodation\/cabana-6-personas\/#booking-form-333\" ><button type=\"submit\" class=\"button mphb-book-button\" >Book<\/button><input type=\"hidden\" name=\"trp-form-language\" value=\"en\"\/><\/form>\n<br\/><\/div>\n\t\n<\/div>\n\n<div class=\"mphb-room-type post-342 mphb_room_type type-mphb_room_type status-publish has-post-thumbnail mphb_room_type_category-cabana mphb_room_type_facility-bano-con-ducha mphb-room-type-adults-5 mphb-room-type-children-0\">\n\n\t\n\t\n\n\t<p class=\"post-thumbnail mphb-loop-room-thumbnail\">\n\t<a href=\"https:\/\/delavegahotelcampestre.com\/en\/accommodation\/cabana-5-personas\/\">\n\t<img loading=\"lazy\" decoding=\"async\" width=\"1080\" height=\"1080\" src=\"https:\/\/delavegahotelcampestre.com\/wp-content\/uploads\/2025\/11\/cinco-2.jpg\" class=\"attachment-post-thumbnail size-post-thumbnail wp-post-image\" alt=\"\" srcset=\"https:\/\/delavegahotelcampestre.com\/wp-content\/uploads\/2025\/11\/cinco-2.jpg 1080w, https:\/\/delavegahotelcampestre.com\/wp-content\/uploads\/2025\/11\/cinco-2-300x300.jpg 300w, https:\/\/delavegahotelcampestre.com\/wp-content\/uploads\/2025\/11\/cinco-2-1024x1024.jpg 1024w, https:\/\/delavegahotelcampestre.com\/wp-content\/uploads\/2025\/11\/cinco-2-150x150.jpg 150w, https:\/\/delavegahotelcampestre.com\/wp-content\/uploads\/2025\/11\/cinco-2-768x768.jpg 768w, https:\/\/delavegahotelcampestre.com\/wp-content\/uploads\/2025\/11\/cinco-2-12x12.jpg 12w, https:\/\/delavegahotelcampestre.com\/wp-content\/uploads\/2025\/11\/cinco-2-700x700.jpg 700w, https:\/\/delavegahotelcampestre.com\/wp-content\/uploads\/2025\/11\/cinco-2-600x600.jpg 600w, https:\/\/delavegahotelcampestre.com\/wp-content\/uploads\/2025\/11\/cinco-2-100x100.jpg 100w\" sizes=\"(max-width: 1080px) 100vw, 1080px\" \/>\t<\/a>\n\n\t<\/p>\n\n<h2 class=\"mphb-room-type-title entry-title\">\n\n<a class=\"mphb-room-type-title\" href=\"https:\/\/delavegahotelcampestre.com\/en\/accommodation\/cabana-5-personas\/\">Caba\u00f1a 5 personas<\/a>\n\n<\/h2>\n\n\n\n\n\t<p class=\"mphb-regular-price\"><strong>Prices start at:<\/strong>\n\t<span class=\"mphb-price\"><span class=\"mphb-currency\">&#36;<\/span>625,000<\/span> <span class=\"mphb-price-period\" title=\"Choose dates to see relevant prices\">per night<\/span>\n\t<\/p>\n\t\n<p class=\"mphb-view-details-button-wrapper\">\n<a class=\"button mphb-view-details-button\" href=\"https:\/\/delavegahotelcampestre.com\/en\/accommodation\/cabana-5-personas\/\" >View Details<\/a>\n<\/p>\n<div class=\"mphb-to-book-btn-wrapper\">\n<form action=\"https:\/\/delavegahotelcampestre.com\/en\/accommodation\/cabana-5-personas\/#booking-form-342\" method=\"get\" data-trp-original-action=\"https:\/\/delavegahotelcampestre.com\/en\/accommodation\/cabana-5-personas\/#booking-form-342\" ><button type=\"submit\" class=\"button mphb-book-button\" >Book<\/button><input type=\"hidden\" name=\"trp-form-language\" value=\"en\"\/><\/form>\n<br\/><\/div>\n\t\n<\/div>\n\n<div class=\"mphb-room-type post-351 mphb_room_type type-mphb_room_type status-publish has-post-thumbnail mphb_room_type_category-cabana mphb_room_type_facility-balcon mphb_room_type_facility-bano-con-ducha mphb_room_type_facility-vista-a-la-piscina mphb-room-type-adults-4 mphb-room-type-children-0\">\n\n\t\n\t\n\n\t<p class=\"post-thumbnail mphb-loop-room-thumbnail\">\n\t<a href=\"https:\/\/delavegahotelcampestre.com\/en\/accommodation\/cabana-4-personas\/\">\n\t<img loading=\"lazy\" decoding=\"async\" width=\"1080\" height=\"1080\" src=\"https:\/\/delavegahotelcampestre.com\/wp-content\/uploads\/2025\/11\/cuatro.jpg\" class=\"attachment-post-thumbnail size-post-thumbnail wp-post-image\" alt=\"\" srcset=\"https:\/\/delavegahotelcampestre.com\/wp-content\/uploads\/2025\/11\/cuatro.jpg 1080w, https:\/\/delavegahotelcampestre.com\/wp-content\/uploads\/2025\/11\/cuatro-300x300.jpg 300w, https:\/\/delavegahotelcampestre.com\/wp-content\/uploads\/2025\/11\/cuatro-1024x1024.jpg 1024w, https:\/\/delavegahotelcampestre.com\/wp-content\/uploads\/2025\/11\/cuatro-150x150.jpg 150w, https:\/\/delavegahotelcampestre.com\/wp-content\/uploads\/2025\/11\/cuatro-768x768.jpg 768w, https:\/\/delavegahotelcampestre.com\/wp-content\/uploads\/2025\/11\/cuatro-12x12.jpg 12w, https:\/\/delavegahotelcampestre.com\/wp-content\/uploads\/2025\/11\/cuatro-700x700.jpg 700w, https:\/\/delavegahotelcampestre.com\/wp-content\/uploads\/2025\/11\/cuatro-600x600.jpg 600w, https:\/\/delavegahotelcampestre.com\/wp-content\/uploads\/2025\/11\/cuatro-100x100.jpg 100w\" sizes=\"(max-width: 1080px) 100vw, 1080px\" \/>\t<\/a>\n\n\t<\/p>\n\n<h2 class=\"mphb-room-type-title entry-title\">\n\n<a class=\"mphb-room-type-title\" href=\"https:\/\/delavegahotelcampestre.com\/en\/accommodation\/cabana-4-personas\/\">Caba\u00f1a 4 personas<\/a>\n\n<\/h2>\n\n<p>Cama Queen, cama Queen ol\u00edmpica, vista a la piscina, balc\u00f3n y ba\u00f1o con ducha<\/p>\n\n\n\n\t<p class=\"mphb-regular-price\"><strong>Prices start at:<\/strong>\n\t<span class=\"mphb-price\"><span class=\"mphb-currency\">&#36;<\/span>500,000<\/span> <span class=\"mphb-price-period\" title=\"Choose dates to see relevant prices\">per night<\/span>\n\t<\/p>\n\t\n<p class=\"mphb-view-details-button-wrapper\">\n<a class=\"button mphb-view-details-button\" href=\"https:\/\/delavegahotelcampestre.com\/en\/accommodation\/cabana-4-personas\/\" >View Details<\/a>\n<\/p>\n<div class=\"mphb-to-book-btn-wrapper\">\n<form action=\"https:\/\/delavegahotelcampestre.com\/en\/accommodation\/cabana-4-personas\/#booking-form-351\" method=\"get\" data-trp-original-action=\"https:\/\/delavegahotelcampestre.com\/en\/accommodation\/cabana-4-personas\/#booking-form-351\" ><button type=\"submit\" class=\"button mphb-book-button\" >Book<\/button><input type=\"hidden\" name=\"trp-form-language\" value=\"en\"\/><\/form>\n<br\/><\/div>\n\t\n<\/div>\n\n<div class=\"mphb-room-type post-358 mphb_room_type type-mphb_room_type status-publish has-post-thumbnail mphb_room_type_category-cabana mphb_room_type_facility-acceso-a-internet mphb_room_type_facility-ambiente-libre-de-humo mphb_room_type_facility-articulos-de-aseo-gratuitos mphb_room_type_facility-bano-con-ducha mphb_room_type_facility-tv-smart mphb-room-type-adults-3 mphb-room-type-children-0\">\n\n\t\n\t\n\n\t<p class=\"post-thumbnail mphb-loop-room-thumbnail\">\n\t<a href=\"https:\/\/delavegahotelcampestre.com\/en\/accommodation\/cabana-3-personas\/\">\n\t<img loading=\"lazy\" decoding=\"async\" width=\"1024\" height=\"768\" src=\"https:\/\/delavegahotelcampestre.com\/wp-content\/uploads\/2025\/11\/a21c7bfc-ae33-4714-88d1-58b3d15bd42c.jpeg\" class=\"attachment-post-thumbnail size-post-thumbnail wp-post-image\" alt=\"\" srcset=\"https:\/\/delavegahotelcampestre.com\/wp-content\/uploads\/2025\/11\/a21c7bfc-ae33-4714-88d1-58b3d15bd42c.jpeg 1024w, https:\/\/delavegahotelcampestre.com\/wp-content\/uploads\/2025\/11\/a21c7bfc-ae33-4714-88d1-58b3d15bd42c-300x225.jpeg 300w, https:\/\/delavegahotelcampestre.com\/wp-content\/uploads\/2025\/11\/a21c7bfc-ae33-4714-88d1-58b3d15bd42c-768x576.jpeg 768w, https:\/\/delavegahotelcampestre.com\/wp-content\/uploads\/2025\/11\/a21c7bfc-ae33-4714-88d1-58b3d15bd42c-16x12.jpeg 16w, https:\/\/delavegahotelcampestre.com\/wp-content\/uploads\/2025\/11\/a21c7bfc-ae33-4714-88d1-58b3d15bd42c-600x450.jpeg 600w\" sizes=\"(max-width: 1024px) 100vw, 1024px\" \/>\t<\/a>\n\n\t<\/p>\n\n<h2 class=\"mphb-room-type-title entry-title\">\n\n<a class=\"mphb-room-type-title\" href=\"https:\/\/delavegahotelcampestre.com\/en\/accommodation\/cabana-3-personas\/\">Caba\u00f1a 3 personas<\/a>\n\n<\/h2>\n\n<p>Habitaci\u00f3n individual peque\u00f1a con cama Queen, vista al jard\u00edn, ba\u00f1o con ducha, TV por cable, acceso a internet, wifi, espejo de cuerpo entero, habitaci\u00f3n para no fumadores y art\u00edculos de aseo gratuitos.<\/p>\n\n\n\n\t<p class=\"mphb-regular-price\"><strong>Prices start at:<\/strong>\n\t<span class=\"mphb-price\"><span class=\"mphb-currency\">&#36;<\/span>375,000<\/span> <span class=\"mphb-price-period\" title=\"Choose dates to see relevant prices\">per night<\/span>\n\t<\/p>\n\t\n<p class=\"mphb-view-details-button-wrapper\">\n<a class=\"button mphb-view-details-button\" href=\"https:\/\/delavegahotelcampestre.com\/en\/accommodation\/cabana-3-personas\/\" >View Details<\/a>\n<\/p>\n<div class=\"mphb-to-book-btn-wrapper\">\n<form action=\"https:\/\/delavegahotelcampestre.com\/en\/accommodation\/cabana-3-personas\/#booking-form-358\" method=\"get\" data-trp-original-action=\"https:\/\/delavegahotelcampestre.com\/en\/accommodation\/cabana-3-personas\/#booking-form-358\" ><button type=\"submit\" class=\"button mphb-book-button\" >Book<\/button><input type=\"hidden\" name=\"trp-form-language\" value=\"en\"\/><\/form>\n<br\/><\/div>\n\t\n<\/div>\n<\/div>\t\t\t\t<\/div>\n\t\t\t\t<\/div>\n\t\t\t\t\t<\/div>\n\t\t\t\t<\/div>\n\t\t\t\t<\/div>","protected":false},"excerpt":{"rendered":"<p>Encuentra tu habitaci\u00f3n Los campos obligatorios son seguidos por * D\u00eda de llegada * D\u00eda de salida * Adultos 1234567 Ni\u00f1os 14 012345 Caba\u00f1a 7 personas Acerca de esta habitaci\u00f3n Habitaci\u00f3n individual peque\u00f1a, habitaci\u00f3n doble, habitaci\u00f3n con cama queen ol\u00edmpica, vista al jard\u00edn, vista a la monta\u00f1a, vista al parque, balc\u00f3n, ba\u00f1o con ducha, zona [&hellip;]<\/p>","protected":false},"author":1,"featured_media":0,"parent":0,"menu_order":0,"comment_status":"closed","ping_status":"closed","template":"elementor_header_footer","meta":{"footnotes":""},"class_list":["post-35","page","type-page","status-publish","hentry"],"_hostinger_reach_plugin_has_subscription_block":false,"_hostinger_reach_plugin_is_elementor":false,"_links":{"self":[{"href":"https:\/\/delavegahotelcampestre.com\/en\/wp-json\/wp\/v2\/pages\/35","targetHints":{"allow":["GET"]}}],"collection":[{"href":"https:\/\/delavegahotelcampestre.com\/en\/wp-json\/wp\/v2\/pages"}],"about":[{"href":"https:\/\/delavegahotelcampestre.com\/en\/wp-json\/wp\/v2\/types\/page"}],"author":[{"embeddable":true,"href":"https:\/\/delavegahotelcampestre.com\/en\/wp-json\/wp\/v2\/users\/1"}],"replies":[{"embeddable":true,"href":"https:\/\/delavegahotelcampestre.com\/en\/wp-json\/wp\/v2\/comments?post=35"}],"version-history":[{"count":34,"href":"https:\/\/delavegahotelcampestre.com\/en\/wp-json\/wp\/v2\/pages\/35\/revisions"}],"predecessor-version":[{"id":463,"href":"https:\/\/delavegahotelcampestre.com\/en\/wp-json\/wp\/v2\/pages\/35\/revisions\/463"}],"wp:attachment":[{"href":"https:\/\/delavegahotelcampestre.com\/en\/wp-json\/wp\/v2\/media?parent=35"}],"curies":[{"name":"wp","href":"https:\/\/api.w.org\/{rel}","templated":true}]}}